{"id":492,"date":"2025-08-20T13:16:40","date_gmt":"2025-08-20T11:16:40","guid":{"rendered":"https:\/\/gestionssarria.dms3labs.cat\/equipo\/"},"modified":"2026-01-07T13:37:16","modified_gmt":"2026-01-07T12:37:16","slug":"equipo","status":"publish","type":"page","link":"https:\/\/gestionssarria.com\/es\/equipo\/","title":{"rendered":"Equipo"},"content":{"rendered":"<p>[et_pb_section fb_built=\u00bb1&#8243; _builder_version=\u00bb4.27.4&#8243; _module_preset=\u00bbdefault\u00bb hover_enabled=\u00bb0&#8243; global_colors_info=\u00bb{}\u00bb custom_padding=\u00bb||0px||false|false\u00bb sticky_enabled=\u00bb0&#8243;][et_pb_row column_structure=\u00bb3_5,2_5&#8243; _builder_version=\u00bb4.27.4&#8243; _module_preset=\u00bbdefault\u00bb hover_enabled=\u00bb0&#8243; global_colors_info=\u00bb{}\u00bb custom_padding=\u00bb||0px||false|false\u00bb sticky_enabled=\u00bb0&#8243;][et_pb_column type=\u00bb3_5&#8243; _builder_version=\u00bb4.27.4&#8243; _module_preset=\u00bbdefault\u00bb global_colors_info=\u00bb{}\u00bb][et_pb_text module_class=\u00bbheading-h1&#8243; _builder_version=\u00bb4.27.4&#8243; _module_preset=\u00bbdefault\u00bb global_colors_info=\u00bb{}\u00bb]<\/p>\n<h1>El equipo de Gestions Sarri\u00e0<\/h1>\n<p>[\/et_pb_text][\/et_pb_column][et_pb_column type=\u00bb2_5&#8243; _builder_version=\u00bb4.27.4&#8243; _module_preset=\u00bbdefault\u00bb global_colors_info=\u00bb{}\u00bb][\/et_pb_column][\/et_pb_row][\/et_pb_section][et_pb_section fb_built=\u00bb1&#8243; _builder_version=\u00bb4.27.4&#8243; _module_preset=\u00bbdefault\u00bb hover_enabled=\u00bb0&#8243; global_colors_info=\u00bb{}\u00bb module_class=\u00bbseccio-imatge-radius\u00bb sticky_enabled=\u00bb0&#8243;][et_pb_row column_structure=\u00bb1_2,1_2&#8243; _builder_version=\u00bb4.27.4&#8243; _module_preset=\u00bbdefault\u00bb hover_enabled=\u00bb0&#8243; global_colors_info=\u00bb{}\u00bb sticky_enabled=\u00bb0&#8243; make_equal=\u00bbon\u00bb][et_pb_column type=\u00bb1_2&#8243; _builder_version=\u00bb4.27.4&#8243; _module_preset=\u00bbdefault\u00bb hover_enabled=\u00bb0&#8243; global_colors_info=\u00bb{}\u00bb alt=\u00bbJordi Sanglas i Mireia Ribas de Gestions Sarri\u00e0\u00bb title_text=\u00bbJordi Sanglas i Mireia Ribas de Gestions Sarri\u00e0\u00bb background_image=\u00bbhttps:\/\/gestionssarria.com\/\/wp-content\/uploads\/2025\/10\/equip-gestions-sarria-assessoria.jpg\u00bb sticky_enabled=\u00bb0&#8243;][\/et_pb_column][et_pb_column type=\u00bb1_2&#8243; _builder_version=\u00bb4.27.4&#8243; _module_preset=\u00bbdefault\u00bb global_colors_info=\u00bb{}\u00bb][et_pb_team_member name=\u00bbJordi Sanglas\u00bb module_class=\u00bbperson-equip\u00bb _builder_version=\u00bb4.27.4&#8243; _module_preset=\u00bbdefault\u00bb hover_enabled=\u00bb0&#8243; global_colors_info=\u00bb{}\u00bb sticky_enabled=\u00bb0&#8243;]<\/p>\n<p>Licenciado en Econom\u00eda por la Universidad de Barcelona y Censor Jurado de Cuentas, Jordi Sanglas es miembro del Colegio de Economistas de Catalu\u00f1a y forma parte del consejo asesor de la Asociaci\u00f3n Catalana de Contabilidad y Direcci\u00f3n (ACCID).<\/p>\n<p>Con una amplia trayectoria en el asesoramiento econ\u00f3mico y financiero a empresas, compagina su actividad profesional con la docencia en el \u00e1mbito universitario y empresarial. Ha sido profesor en instituciones como AULA Catalunya, la Universidad Rovira i Virgili (URV), la Universidad de Girona (UdG) y la Universidad Pompeu Fabra (UPF). Su mirada estrat\u00e9gica y capacidad de an\u00e1lisis le sit\u00faan como referente en la gesti\u00f3n y la planificaci\u00f3n empresarial.<\/p>\n<p>[\/et_pb_team_member][et_pb_team_member name=\u00bbMireia Ribas\u00bb module_class=\u00bbperson-equip\u00bb _builder_version=\u00bb4.27.4&#8243; _module_preset=\u00bbdefault\u00bb hover_enabled=\u00bb0&#8243; global_colors_info=\u00bb{}\u00bb sticky_enabled=\u00bb0&#8243;]<\/p>\n<p>Licenciada en Filolog\u00eda Catalana y con un posgrado en Administraci\u00f3n de Empresas, Mireia Ribas ha desarrollado su trayectoria entre la formaci\u00f3n y el asesoramiento comercial.<\/p>\n<p>Ha ejercido como docente y formadora en diversos entornos educativos y empresariales, aportando una visi\u00f3n transversal en el \u00e1rea de la comunicaci\u00f3n y la gesti\u00f3n. Su experiencia en el acompa\u00f1amiento a empresas le ha permitido establecer s\u00f3lidos v\u00ednculos y ofrecer soluciones adaptadas a cada realidad empresarial. Comprometida con el crecimiento y profesionalizaci\u00f3n del tejido empresarial, combina capacidad pedag\u00f3gica y sensibilidad por las necesidades de cada proyecto.<\/p>\n<p>[\/et_pb_team_member][\/et_pb_column][\/et_pb_row][\/et_pb_section]<\/p>\n","protected":false},"excerpt":{"rendered":"<p>El equipo de Gestions Sarri\u00e0Licenciado en Econom\u00eda por la Universidad de Barcelona y Censor Jurado de Cuentas, Jordi Sanglas es miembro del Colegio de Economistas de Catalu\u00f1a y forma parte del consejo asesor de la Asociaci\u00f3n Catalana de Contabilidad y Direcci\u00f3n (ACCID). Con una amplia trayectoria en el asesoramiento econ\u00f3mico y financiero a empresas, compagina [&hellip;]<\/p>\n","protected":false},"author":1,"featured_media":0,"parent":0,"menu_order":0,"comment_status":"closed","ping_status":"closed","template":"","meta":{"_et_pb_use_builder":"on","_et_pb_old_content":"","_et_gb_content_width":"","content-type":"","footnotes":""},"class_list":["post-492","page","type-page","status-publish","hentry"],"_links":{"self":[{"href":"https:\/\/gestionssarria.com\/es\/wp-json\/wp\/v2\/pages\/492","targetHints":{"allow":["GET"]}}],"collection":[{"href":"https:\/\/gestionssarria.com\/es\/wp-json\/wp\/v2\/pages"}],"about":[{"href":"https:\/\/gestionssarria.com\/es\/wp-json\/wp\/v2\/types\/page"}],"author":[{"embeddable":true,"href":"https:\/\/gestionssarria.com\/es\/wp-json\/wp\/v2\/users\/1"}],"replies":[{"embeddable":true,"href":"https:\/\/gestionssarria.com\/es\/wp-json\/wp\/v2\/comments?post=492"}],"version-history":[{"count":4,"href":"https:\/\/gestionssarria.com\/es\/wp-json\/wp\/v2\/pages\/492\/revisions"}],"predecessor-version":[{"id":1872,"href":"https:\/\/gestionssarria.com\/es\/wp-json\/wp\/v2\/pages\/492\/revisions\/1872"}],"wp:attachment":[{"href":"https:\/\/gestionssarria.com\/es\/wp-json\/wp\/v2\/media?parent=492"}],"curies":[{"name":"wp","href":"https:\/\/api.w.org\/{rel}","templated":true}]}}