{"id":499,"date":"2025-08-20T13:11:24","date_gmt":"2025-08-20T11:11:24","guid":{"rendered":"https:\/\/gestionssarria.dms3labs.cat\/aviso-legal\/"},"modified":"2026-01-08T09:42:37","modified_gmt":"2026-01-08T08:42:37","slug":"aviso-legal","status":"publish","type":"page","link":"https:\/\/gestionssarria.com\/es\/aviso-legal\/","title":{"rendered":"Aviso legal"},"content":{"rendered":"\n<p>En el presente Aviso Legal, el Usuario podr\u00e1 encontrar toda la informaci\u00f3n relativa a las condiciones legales que definen las relaciones entre los usuarios y el responsable de la p\u00e1gina web accesible en la direcci\u00f3n URL <a href=\"https:\/\/gestionssarria.com\/es\/\">https:\/\/gestionssarria.com\/<\/a> (en adelante, el sitio web), que <strong>Gestions Sarri\u00e0<\/strong> pone a disposici\u00f3n de los usuarios de Internet.<\/p>\n\n<p>La utilizaci\u00f3n del sitio web implica la aceptaci\u00f3n plena y sin reservas de todas y cada una de las disposiciones incluidas en este Aviso Legal. En consecuencia, el usuario del sitio web debe leer atentamente el presente Aviso Legal en cada una de las ocasiones en que se proponga utilizar la web, puesto que el texto podr\u00eda sufrir modificaciones a criterio del titular de la web, o debido a un cambio legislativo, jurisprudencial o en la pr\u00e1ctica empresarial.<\/p>\n\n<h2 class=\"wp-block-heading\">1.- DATOS DEL RESPONSABLE TITULAR DEL SITIO WEB<\/h2>\n\n<p><strong>Nombre del titular<\/strong>: Gestions Sarri\u00e0<\/p>\n\n<p><strong>Domicilio social:<\/strong> Benet i Mateu 61<\/p>\n\n<p><strong>C.I.F.:<\/strong> B12345678<\/p>\n\n<p><strong>Tel\u00e9fono de contacto:<\/strong> 932 036 209 \u2013 692 671 245<\/p>\n\n<p><strong>Correo electr\u00f3nico:<\/strong> info@gestionssarria.com<\/p>\n\n<p><strong>Gestions Sarri\u00e0<\/strong> es el responsable del sitio web y se compromete a cumplir con todos los<strong> requisitos nacionales y europeos<\/strong> que regulan el uso de los datos personales de los usuarios.<\/p>\n\n<p>Este sitio web garantiza la protecci\u00f3n y confidencialidad de los datos personales que nos proporciones de acuerdo con lo dispuesto en el <strong>Reglamento General de Protecci\u00f3n de Datos de Car\u00e1cter Personal (UE) 2016\/679 del Parlamento Europeo y del Consejo, de 27 de abril de 2016<\/strong>, en la <strong>Ley Org\u00e1nica 3\/2018, de Protecci\u00f3n de Datos Personales y garant\u00eda de los derechos digitales<\/strong>, as\u00ed como en la <strong>Ley de Servicios de la Sociedad de la Informaci\u00f3n y Comercio Electr\u00f3nico 34\/2002 de 11 de Julio (LSSI-CE)<\/strong>.<\/p>\n\n<h2 class=\"wp-block-heading\">2.- OBJETO<\/h2>\n\n<p>El sitio web facilita a los usuarios el acceso a informaci\u00f3n y servicios prestados por <strong>Gestions Sarri\u00e0<\/strong> a aquellas personas u organizaciones interesadas en ellos.<\/p>\n\n<p>El acceso y utilizaci\u00f3n del sitio web atribuye la condici\u00f3n de usuario del sitio web (en adelante, el \u00abUsuario\u00bb) e implica la aceptaci\u00f3n de todas las condiciones incluidas en este Aviso Legal, as\u00ed como de sus modificaciones. La prestaci\u00f3n del servicio del sitio web tiene una duraci\u00f3n limitada en el momento en que el Usuario se encuentre conectado al sitio web oa alguno de los servicios que a trav\u00e9s de \u00e9l se facilitan. Por tanto, el Usuario debe leer atentamente el presente Aviso Legal en cada una de las ocasiones en que se proponga utilizar el sitio web, ya que \u00e9ste y sus condiciones de uso recogidas en el presente Aviso Legal pueden sufrir modificaciones.<\/p>\n\n<h2 class=\"wp-block-heading\">3.- ACCESO Y UTILIZACI\u00d3N DE LA WEB<\/h2>\n\n<p><strong>3.1.- Car\u00e1cter gratuito del acceso y utilizaci\u00f3n de la web.<\/strong> El acceso a la web tiene car\u00e1cter gratuito para los usuarios, salvo en lo relativo al coste de la conexi\u00f3n a trav\u00e9s de la red de telecomunicaciones suministrada por el proveedor de acceso contratado por los usuarios.<\/p>\n\n<p><strong>3.2.- Registro de usuarios.<\/strong> Con car\u00e1cter general, el acceso y utilizaci\u00f3n de la web no exige la previa suscripci\u00f3n o registro de los usuarios.<\/p>\n\n<p><strong>3.3.-<\/strong> Los usuarios garantizan y responden, en cualquier caso, de la exactitud, vigencia y autenticidad de los datos personales facilitados, comprometi\u00e9ndose a mantenerlos debidamente actualizados. El usuario acepta proporcionar informaci\u00f3n completa y correcta en el formulario de contacto o suscripci\u00f3n.<\/p>\n\n<p>En ning\u00fan caso se recoger\u00e1n datos del menor de edad relativos a la situaci\u00f3n profesional, econ\u00f3mica oa la intimidad de los dem\u00e1s miembros de la familia, sin el consentimiento de \u00e9stos. Si eres menor de trece a\u00f1os y has accedido a este sitio web sin avisar a tus padres, no debes registrarte como usuario.<\/p>\n\n<p>En esta web se respetan y cuidan los datos personales de los usuarios. Como usuario, debes saber que tus derechos est\u00e1n garantizados.<\/p>\n\n<h2 class=\"wp-block-heading\">4.- CONTENIDOS DE LA WEB<\/h2>\n\n<p>El idioma utilizado por el titular en la web ser\u00e1 el espa\u00f1ol. <strong>Gestions Sarri\u00e0<\/strong> no se responsabiliza de la no comprensi\u00f3n o entendimiento del idioma de la web por el usuario, ni de sus consecuencias.<\/p>\n\n<p><strong>Gestions Sarri\u00e0<\/strong> podr\u00e1 modificar los contenidos sin previo aviso, as\u00ed como suprimir y cambiarlos dentro de la web, como la forma en que se accede a ellos, sin justificaci\u00f3n y libremente, no responsabiliz\u00e1ndose de las consecuencias que los mismos puedan ocasionar a los usuarios.<\/p>\n\n<p>Se proh\u00edbe el uso de los contenidos de la web para promocionar, contratar o divulgar publicidad o informaci\u00f3n propia o de terceras personas sin la autorizaci\u00f3n de <strong>Gestions Sarri\u00e0<\/strong>, ni remitir publicidad o informaci\u00f3n vali\u00e9ndose para ello de los servicios o informaci\u00f3n que se ponen a disposici\u00f3n de los usuarios, independientemente de si la utilizaci\u00f3n es gratuita o no.<\/p>\n\n<p>Los enlaces o hiperenlaces que incorporen terceros en sus p\u00e1ginas web, dirigidos a esta web, ser\u00e1n para la apertura de la p\u00e1gina web completa, no pudiendo manifestar, directa o indirectamente, indicaciones falsas, inexactas o confusas, ni incurrir en acciones desleales o il\u00edcitas en contra de <strong>Gestions Sarri\u00e0<\/strong>.<\/p>\n\n<h2 class=\"wp-block-heading\">5.- MEDIDAS DE SEGURIDAD<\/h2>\n\n<p>Los datos personales comunicados por el usuario podr\u00e1n ser almacenados en bases de datos automatizadas o no, cuya titularidad corresponde en exclusiva a <strong>Gestions Sarri\u00e0<\/strong>, asumiendo todas las medidas de \u00edndole t\u00e9cnica, organizativa y de seguridad que garanticen la confidencialidad, integridad y calidad de la informaci\u00f3n contenida en las mismas de acuerdo con lo establecido en la normativa vigente en materia de protecci\u00f3n de datos de car\u00e1cter personal.<\/p>\n\n<h2 class=\"wp-block-heading\">6.- LIMITACI\u00d3N DE RESPONSABILIDAD<\/h2>\n\n<p>Tanto el acceso a la web como el uso no consentido que pueda efectuarse de la informaci\u00f3n contenida en ella es de la exclusiva responsabilidad de quien lo realiza. <strong>Gestions Sarri\u00e0 <\/strong>no responder\u00e1 de ninguna consecuencia, da\u00f1o o perjuicio que pudieran derivarse de dicho acceso o uso.<br\/><strong>Gestions Sarri\u00e0 <\/strong>no se hace responsable de los errores de seguridad que se puedan producir ni de los da\u00f1os que puedan causarse al sistema inform\u00e1tico del usuario (hardware y software), o a los ficheros o documentos almacenados en \u00e9l, como consecuencia de:<\/p>\n\n<ul class=\"wp-block-list\">\n<li>La presencia de un virus en el ordenador del usuario que sea utilizado para la conexi\u00f3n a los servicios y contenidos de la web.<\/li>\n\n\n\n<li>Un mal funcionamiento del navegador.<\/li>\n\n\n\n<li>y\/o del uso de versiones no actualizadas del mismo.<\/li>\n<\/ul>\n\n<p><strong>Gestions Sarri\u00e0<\/strong> no se hace responsable de la fiabilidad y rapidez de los hiperenlaces que se incorporen a la web para la apertura de otros. <strong>Gestions Sarri\u00e0<\/strong> no garantiza la utilidad de estos enlaces, ni se responsabiliza de los contenidos o servicios a los que pueda acceder el usuario por medio de estos enlaces, ni del buen funcionamiento de estas webs.<\/p>\n\n<p><strong>Gestions Sarri\u00e0<\/strong> no ser\u00e1 responsable de los virus u otros programas inform\u00e1ticos que deterioren o puedan deteriorar los sistemas o equipos inform\u00e1ticos de los usuarios al acceder a su web o a otras webs a las que se haya accedido mediante enlaces de esta web.<\/p>\n\n<h2 class=\"wp-block-heading\">7.- USO DE LA TECNOLOG\u00cdA \u00abCOOKIE\u00bb<\/h2>\n\n<p>El sitio web puede utilizar cookies o tecnolog\u00edas similares que se regir\u00e1n por lo establecido en la Pol\u00edtica de Cookies, accesible en todo momento y respetando la confidencialidad e intimidad del usuario, siendo parte integrante del presente Aviso Legal.<\/p>\n\n<h2 class=\"wp-block-heading\">8.- NAVEGACI\u00d3N<\/h2>\n\n<p>Los servidores de Internet pueden recoger datos no identificables, que puedan incluir, direcciones IP, y otros datos que no pueden ser utilizados para identificar al usuario. Su direcci\u00f3n IP se almacenar\u00e1 en los logs de acceso de forma autom\u00e1tica y con el \u00fanico fin de permitir el tr\u00e1fico por Internet, siendo necesario que su equipo facilite esa direcci\u00f3n IP cuando navega por Internet para que las comunicaciones puedan realizarse. Asimismo, la direcci\u00f3n IP podr\u00e1 ser utilizada para realizar estad\u00edsticas, de manera anonimizada, sobre el n\u00famero de visitantes de esta web y su procedencia, de forma totalmente transparente a su navegaci\u00f3n.<\/p>\n\n<h2 class=\"wp-block-heading\">9.- PROPIEDAD INTELECTUAL E INDUSTRIAL<\/h2>\n\n<p>El usuario conoce y acepta que todos los contenidos y\/o cualesquiera otros elementos del sitio web son propiedad de <strong>Gestions Sarri\u00e0<\/strong>, y se compromete a respetar los derechos de propiedad intelectual e industrial titularidad de <strong>Gestions Sarri\u00e0<\/strong>. Cualquier uso de la web o sus contenidos deber\u00e1 tener un car\u00e1cter exclusivamente particular.<\/p>\n\n<p>Est\u00e1 reservado exclusivamente a <strong>Gestions Sarri\u00e0 <\/strong>cualquier otro uso que suponga la copia, reproducci\u00f3n, distribuci\u00f3n, transformaci\u00f3n, comunicaci\u00f3n p\u00fablica o cualquier otra acci\u00f3n similar, de todo o parte de los contenidos de la web, por lo que ning\u00fan usuario podr\u00e1 llevar a cabo estas acciones sin la autorizaci\u00f3n previa y por escrito de <strong>Gestions Sarri\u00e0<\/strong>.<\/p>\n\n<h2 class=\"wp-block-heading\">10.- LEGISLACI\u00d3N APLICABLE Y JURISDICCI\u00d3N COMPETENTE<\/h2>\n\n<p>El presente Aviso Legal se interpretar\u00e1 y regir\u00e1 de conformidad con la <strong>legislaci\u00f3n espa\u00f1ola<\/strong>. <strong>Gestiones Sarri\u00e0<\/strong> y los usuarios, con renuncia expresa a cualquier otro fuero que pudiera corresponderles, se someten al de los juzgados y tribunales del domicilio del usuario para cualquier controversia que pudiera derivarse del acceso o uso de la web. En caso de que el usuario tenga su domicilio <strong>fuera de Espa\u00f1a<\/strong>, <strong>Gestions Sarri\u00e0<\/strong> y el usuario, se someten, con renuncia expresa a cualquier otro fuero, a los juzgados y tribunales del domicilio de <strong>Barcelona<\/strong>.<\/p>\n\n<p><br\/><br\/><br\/><br\/><\/p>\n\n<p><br\/><br\/><br\/><\/p>\n","protected":false},"excerpt":{"rendered":"<p>En el presente Aviso Legal, el Usuario podr\u00e1 encontrar toda la informaci\u00f3n relativa a las condiciones legales que definen las relaciones entre los usuarios y el responsable de la p\u00e1gina web accesible en la direcci\u00f3n URL https:\/\/gestionssarria.com\/ (en adelante, el sitio web), que Gestions Sarri\u00e0 pone a disposici\u00f3n de los usuarios de Internet. La utilizaci\u00f3n [&hellip;]<\/p>\n","protected":false},"author":1,"featured_media":0,"parent":0,"menu_order":0,"comment_status":"closed","ping_status":"closed","template":"","meta":{"_et_pb_use_builder":"off","_et_pb_old_content":"","_et_gb_content_width":"","content-type":"","footnotes":""},"class_list":["post-499","page","type-page","status-publish","hentry"],"_links":{"self":[{"href":"https:\/\/gestionssarria.com\/es\/wp-json\/wp\/v2\/pages\/499","targetHints":{"allow":["GET"]}}],"collection":[{"href":"https:\/\/gestionssarria.com\/es\/wp-json\/wp\/v2\/pages"}],"about":[{"href":"https:\/\/gestionssarria.com\/es\/wp-json\/wp\/v2\/types\/page"}],"author":[{"embeddable":true,"href":"https:\/\/gestionssarria.com\/es\/wp-json\/wp\/v2\/users\/1"}],"replies":[{"embeddable":true,"href":"https:\/\/gestionssarria.com\/es\/wp-json\/wp\/v2\/comments?post=499"}],"version-history":[{"count":2,"href":"https:\/\/gestionssarria.com\/es\/wp-json\/wp\/v2\/pages\/499\/revisions"}],"predecessor-version":[{"id":1925,"href":"https:\/\/gestionssarria.com\/es\/wp-json\/wp\/v2\/pages\/499\/revisions\/1925"}],"wp:attachment":[{"href":"https:\/\/gestionssarria.com\/es\/wp-json\/wp\/v2\/media?parent=499"}],"curies":[{"name":"wp","href":"https:\/\/api.w.org\/{rel}","templated":true}]}}