{"id":501,"date":"2025-08-20T13:11:10","date_gmt":"2025-08-20T11:11:10","guid":{"rendered":"https:\/\/gestionssarria.dms3labs.cat\/accesibilidad\/"},"modified":"2026-01-08T09:47:10","modified_gmt":"2026-01-08T08:47:10","slug":"accesibilidad","status":"publish","type":"page","link":"https:\/\/gestionssarria.com\/es\/accesibilidad\/","title":{"rendered":"Accesibilidad"},"content":{"rendered":"\n<p><strong>Gestions Sarri\u00e0<\/strong> se compromete a que el sitio <a href=\"https:\/\/gestionssarria.com\/es\/\">https:\/\/gestionssarria.com\/<\/a> sea accesible para todos los usuarios, incluyendo personas con discapacidades. Estamos comprometidos a garantizar que nuestro sitio web cumpla con las pautas de accesibilidad web de nivel AA de la WCAG 2.1.<\/p>\n\n<h3 class=\"wp-block-heading\">Situaci\u00f3n de cumplimiento<\/h3>\n\n<p>Las Pautas de Accesibilidad para el Contenido Web (WCAG) definen los requisitos para dise\u00f1adores y desarrolladores para mejorar la accesibilidad para personas con discapacidad. Se definen tres niveles de conformidad: Nivel A, Nivel AA y Nivel AAA.<a href=\"https:\/\/gestionssarria.com\/es\/\"><\/a><a href=\"https:\/\/gestionssarria.com\/es\/\">https:\/\/gestionssarria.com\/<\/a> Parcialmente conforme significa que algunas partes del contenido no cumplen completamente con el est\u00e1ndar de accesibilidad.<\/p>\n\n<h3 class=\"wp-block-heading\">Contenido no accesible<\/h3>\n\n<p>Podr\u00edan existir documentos ofim\u00e1ticos en PDF y otros formatos que no cumplan totalmente los requisitos de accesibilidad. Pueden solicitarse los documentos completamente accesibles desde el formulario de contacto.<\/p>\n\n<p>Podr\u00edan existir errores de c\u00f3digo puntuales de edici\u00f3n en alguna p\u00e1gina web.<\/p>\n\n<h3 class=\"wp-block-heading\">Feedback<\/h3>\n\n<p>Estamos comprometidos a seguir mejorando la accesibilidad de nuestro sitio web para garantizar que sea accesible a todos. Si tienes alguna pregunta o sugerencia, por favor cont\u00e1ctanos.<\/p>\n\n<p><strong>Firma<\/strong>: <strong>Gestions Sarri\u00e0<\/strong><br\/><strong>Fecha<\/strong>: 26\/08\/2025<\/p>\n","protected":false},"excerpt":{"rendered":"<p>Gestions Sarri\u00e0 se compromete a que el sitio https:\/\/gestionssarria.com\/ sea accesible para todos los usuarios, incluyendo personas con discapacidades. Estamos comprometidos a garantizar que nuestro sitio web cumpla con las pautas de accesibilidad web de nivel AA de la WCAG 2.1. Situaci\u00f3n de cumplimiento Las Pautas de Accesibilidad para el Contenido Web (WCAG) definen los [&hellip;]<\/p>\n","protected":false},"author":1,"featured_media":0,"parent":0,"menu_order":0,"comment_status":"closed","ping_status":"closed","template":"","meta":{"_et_pb_use_builder":"off","_et_pb_old_content":"","_et_gb_content_width":"","content-type":"","footnotes":""},"class_list":["post-501","page","type-page","status-publish","hentry"],"_links":{"self":[{"href":"https:\/\/gestionssarria.com\/es\/wp-json\/wp\/v2\/pages\/501","targetHints":{"allow":["GET"]}}],"collection":[{"href":"https:\/\/gestionssarria.com\/es\/wp-json\/wp\/v2\/pages"}],"about":[{"href":"https:\/\/gestionssarria.com\/es\/wp-json\/wp\/v2\/types\/page"}],"author":[{"embeddable":true,"href":"https:\/\/gestionssarria.com\/es\/wp-json\/wp\/v2\/users\/1"}],"replies":[{"embeddable":true,"href":"https:\/\/gestionssarria.com\/es\/wp-json\/wp\/v2\/comments?post=501"}],"version-history":[{"count":2,"href":"https:\/\/gestionssarria.com\/es\/wp-json\/wp\/v2\/pages\/501\/revisions"}],"predecessor-version":[{"id":1927,"href":"https:\/\/gestionssarria.com\/es\/wp-json\/wp\/v2\/pages\/501\/revisions\/1927"}],"wp:attachment":[{"href":"https:\/\/gestionssarria.com\/es\/wp-json\/wp\/v2\/media?parent=501"}],"curies":[{"name":"wp","href":"https:\/\/api.w.org\/{rel}","templated":true}]}}