{"id":511,"date":"2024-10-21T10:31:38","date_gmt":"2024-10-21T08:31:38","guid":{"rendered":"https:\/\/gestionssarria.dms3labs.cat\/inicio\/"},"modified":"2026-03-09T11:16:30","modified_gmt":"2026-03-09T10:16:30","slug":"inicio","status":"publish","type":"page","link":"https:\/\/gestionssarria.com\/es\/","title":{"rendered":"Inicio"},"content":{"rendered":"<p>[et_pb_section fb_built=\u00bb1&#8243; module_class=\u00bbseccio-imatge-radius\u00bb _builder_version=\u00bb4.27.4&#8243; _module_preset=\u00bb1eb3d99e-ee9b-49a1-94c8-e2f9d41057f2&#8243; global_colors_info=\u00bb{%22gcid-fb736d0c-83c7-4cec-b0f3-75a32748a8f7%22:%91%22background_color%22,%22background_color_gradient_stops%22,%22background_color%22%93,%22gcid-2bcde1bf-8755-4f95-b256-019d03c1e83d%22:%91%22background_color_gradient_stops%22%93}\u00bb][et_pb_row column_structure=\u00bb1_2,1_2&#8243; make_equal=\u00bbon\u00bb custom_padding_last_edited=\u00bbon|phone\u00bb admin_label=\u00bbRow\u00bb _builder_version=\u00bb4.27.4&#8243; _module_preset=\u00bbdefault\u00bb custom_padding=\u00bb0px||0px|||\u00bb custom_padding_tablet=\u00bb\u00bb custom_padding_phone=\u00bb0px||0px||false|false\u00bb custom_css_main_element=\u00bb\t\u00bb global_colors_info=\u00bb{}\u00bb][et_pb_column type=\u00bb1_2&#8243; _builder_version=\u00bb4.27.4&#8243; _module_preset=\u00bbdefault\u00bb global_colors_info=\u00bb{}\u00bb][et_pb_cta button_url=\u00bb#serveis\u00bb button_text=\u00bbSaber m\u00e1s\u00bb _builder_version=\u00bb4.27.5&#8243; _module_preset=\u00bbdefault\u00bb global_colors_info=\u00bb{}\u00bb]<\/p>\n<h1>Gestions Sarri\u00e0<\/h1>\n<h2>Especializados en la gesti\u00f3n eficiente de negocios y patrimonio<\/h2>\n<p>En Gestions Sarri\u00e0 ofrecemos asesoramiento legal y de gesti\u00f3n para empresas y profesionales, con una visi\u00f3n integral y orientada a la eficiencia. Nuestro objetivo es aportar seguridad jur\u00eddica y claridad en la toma de decisiones, acompa\u00f1ando a los clientes con proximidad, rigor profesional y una atenci\u00f3n personalizada en la gesti\u00f3n de sus negocios y patrimonios.[\/et_pb_cta][\/et_pb_column][et_pb_column type=\u00bb1_2&#8243; _builder_version=\u00bb4.27.4&#8243; _module_preset=\u00bb21ecdbcb-e909-439c-8db5-a752df420c6c\u00bb border_radii=\u00bboff|60px|60px|0px|0px\u00bb global_colors_info=\u00bb{}\u00bb][\/et_pb_column][\/et_pb_row][\/et_pb_section][et_pb_section fb_built=\u00bb1&#8243; custom_padding_last_edited=\u00bbon|phone\u00bb module_id=\u00bbserveis\u00bb _builder_version=\u00bb4.27.5&#8243; _module_preset=\u00bbdefault\u00bb custom_margin_tablet=\u00bb\u00bb custom_margin_phone=\u00bb||||false|false\u00bb custom_margin_last_edited=\u00bbon|phone\u00bb custom_padding_tablet=\u00bb\u00bb custom_padding_phone=\u00bb||30px||false|false\u00bb global_colors_info=\u00bb{}\u00bb][et_pb_row _builder_version=\u00bb4.27.4&#8243; _module_preset=\u00bbdefault\u00bb custom_padding=\u00bb||||false|false\u00bb global_colors_info=\u00bb{}\u00bb][et_pb_column type=\u00bb4_4&#8243; _builder_version=\u00bb4.27.4&#8243; _module_preset=\u00bbdefault\u00bb global_colors_info=\u00bb{}\u00bb][et_pb_text module_class=\u00bbheading-h2&#8243; _builder_version=\u00bb4.27.5&#8243; _module_preset=\u00bbdefault\u00bb width=\u00bb700px\u00bb width_tablet=\u00bb700px\u00bb width_phone=\u00bb100%\u00bb width_last_edited=\u00bbon|phone\u00bb custom_margin=\u00bb||||false|false\u00bb custom_margin_tablet=\u00bb||||false|false\u00bb custom_margin_phone=\u00bb||||false|false\u00bb custom_margin_last_edited=\u00bbon|phone\u00bb custom_padding=\u00bb|16px|||false|false\u00bb global_colors_info=\u00bb{}\u00bb]<\/p>\n<h2>Nuestros servicios<\/h2>\n<h3>Una gesti\u00f3n integral y personalizada<\/h3>\n<p>[\/et_pb_text][\/et_pb_column][\/et_pb_row][et_pb_row column_structure=\u00bb1_4,1_4,1_4,1_4&#8243; module_class=\u00bbareas-principals\u00bb _builder_version=\u00bb4.27.4&#8243; _module_preset=\u00bb0f368b5c-5994-4697-950d-6fb016c0dc56&#8243; global_colors_info=\u00bb{}\u00bb][et_pb_column type=\u00bb1_4&#8243; _builder_version=\u00bb4.27.4&#8243; _module_preset=\u00bbdefault\u00bb global_colors_info=\u00bb{}\u00bb][dipi_lottie_icon json_file=\u00bbhttps:\/\/gestionssarria.com\/\/wp-content\/uploads\/2025\/10\/gestions-sarria-area-consultoria-subvencions.json\u00bb use_lottie_button=\u00bbon\u00bb lottie_button_text=\u00bbM\u00e1s informaci\u00f3n\u00bb lottie_button_link=\u00bbhttps:\/\/gestionssarria.com\/es\/servicios\/#fiscal\u00bb loop=\u00bbon\u00bb autoplay=\u00bboff\u00bb speed=\u00bb0.5&#8243; _builder_version=\u00bb4.27.5&#8243; _module_preset=\u00bb1784a814-9338-4519-abbf-ee78bd1a42a0&#8243; hover_enabled=\u00bb0&#8243; global_colors_info=\u00bb{}\u00bb sticky_enabled=\u00bb0&#8243;][\/dipi_lottie_icon][\/et_pb_column][et_pb_column type=\u00bb1_4&#8243; _builder_version=\u00bb4.27.4&#8243; _module_preset=\u00bbdefault\u00bb global_colors_info=\u00bb{}\u00bb][dipi_lottie_icon json_file=\u00bbhttps:\/\/gestionssarria.com\/\/wp-content\/uploads\/2025\/10\/gestions-sarria-area-consultoria-assessorament-laboral-estrategic.json\u00bb lottie_title=\u00bbLaboral\u00bb lottie_content=\u00bb<\/p>\n<p>Asesoramos a empresas, pymes y aut\u00f3nomos en la gesti\u00f3n de n\u00f3minas, contrataciones y recursos humanos, garantizando el cumplimiento legal y la estabilidad laboral.<\/p>\n<p>\u00bb use_lottie_button=\u00bbon\u00bb lottie_button_text=\u00bbM\u00e1s informaci\u00f3n\u00bb lottie_button_link=\u00bbhttps:\/\/gestionssarria.com\/es\/servicios\/#laboral\u00bb loop=\u00bbon\u00bb autoplay=\u00bboff\u00bb speed=\u00bb0.5&#8243; _builder_version=\u00bb4.27.5&#8243; _module_preset=\u00bb1784a814-9338-4519-abbf-ee78bd1a42a0&#8243; hover_enabled=\u00bb0&#8243; global_colors_info=\u00bb{}\u00bb sticky_enabled=\u00bb0&#8243;][\/dipi_lottie_icon][\/et_pb_column][et_pb_column type=\u00bb1_4&#8243; _builder_version=\u00bb4.27.4&#8243; _module_preset=\u00bbdefault\u00bb global_colors_info=\u00bb{}\u00bb][dipi_lottie_icon json_file=\u00bbhttps:\/\/gestionssarria.com\/\/wp-content\/uploads\/2025\/10\/gestions-sarria-area-consultoria-analisi-riscos-solvencia.json\u00bb lottie_title=\u00bbContable\u00bb lottie_content=\u00bb<\/p>\n<p>Proporcionamos una gesti\u00f3n contable integral y digitalizada, con acceso permanente a la informaci\u00f3n e informes actualizados.<\/p>\n<p>\u00bb use_lottie_button=\u00bbon\u00bb lottie_button_text=\u00bbM\u00e1s informaci\u00f3n\u00bb lottie_button_link=\u00bbhttps:\/\/gestionssarria.com\/es\/servicios\/#comptable\u00bb loop=\u00bbon\u00bb autoplay=\u00bboff\u00bb speed=\u00bb0.5&#8243; _builder_version=\u00bb4.27.5&#8243; _module_preset=\u00bb1784a814-9338-4519-abbf-ee78bd1a42a0&#8243; hover_enabled=\u00bb0&#8243; global_colors_info=\u00bb{}\u00bb sticky_enabled=\u00bb0&#8243;][\/dipi_lottie_icon][\/et_pb_column][et_pb_column type=\u00bb1_4&#8243; _builder_version=\u00bb4.27.4&#8243; _module_preset=\u00bbdefault\u00bb global_colors_info=\u00bb{}\u00bb][dipi_lottie_icon json_file=\u00bbhttps:\/\/gestionssarria.com\/\/wp-content\/uploads\/2025\/10\/gestions-sarria-serveis-area-fiscal-assessoria-1.json\u00bb lottie_title=\u00bbMercantil\u00bb lottie_content=\u00bb<\/p>\n<p>Acompa\u00f1amos a empresas y emprendedores en todos los tr\u00e1mites mercantiles, desde la constituci\u00f3n hasta su crecimiento.<\/p>\n<p>\u00bb use_lottie_button=\u00bbon\u00bb lottie_button_text=\u00bbM\u00e1s informaci\u00f3n\u00bb lottie_button_link=\u00bbhttps:\/\/gestionssarria.com\/es\/servicios\/#mercantil\u00bb loop=\u00bbon\u00bb autoplay=\u00bboff\u00bb speed=\u00bb0.5&#8243; _builder_version=\u00bb4.27.5&#8243; _module_preset=\u00bb1784a814-9338-4519-abbf-ee78bd1a42a0&#8243; hover_enabled=\u00bb0&#8243; global_colors_info=\u00bb{}\u00bb sticky_enabled=\u00bb0&#8243;][\/dipi_lottie_icon][\/et_pb_column][\/et_pb_row][\/et_pb_section][et_pb_section fb_built=\u00bb1&#8243; _builder_version=\u00bb4.27.4&#8243; _module_preset=\u00bb1eb3d99e-ee9b-49a1-94c8-e2f9d41057f2&#8243; locked=\u00bboff\u00bb global_colors_info=\u00bb{%22gcid-fb736d0c-83c7-4cec-b0f3-75a32748a8f7%22:%91%22background_color%22,%22background_color%22%93}\u00bb][et_pb_row _builder_version=\u00bb4.27.4&#8243; _module_preset=\u00bbdefault\u00bb global_colors_info=\u00bb%91%93&#8243;][et_pb_column type=\u00bb4_4&#8243; _builder_version=\u00bb4.27.4&#8243; _module_preset=\u00bbdefault\u00bb global_colors_info=\u00bb{}\u00bb][dipi_lottie_icon json_file=\u00bbhttps:\/\/gestionssarria.com\/\/wp-content\/uploads\/2025\/10\/gestions-sarria-dubtes-fiscals-chatbot.json\u00bb lottie_content=\u00bb<\/p>\n<h2>\u00bfDudas fiscales? Habla con nosotros.<\/h2>\n<h3>Un canal abierto 24\/7 para resolver dudas de manera \u00e1gil y segura.<\/h3>\n<p>Desde la web podr\u00e1s plantear preguntas o resolver dudas sobre declaraciones, plazos o novedades legales sin necesidad de llamadas ni esperas. El servicio combina inteligencia artificial con supervisi\u00f3n humana, garantizando respuestas \u00e1giles, rigurosas y adaptadas a tu caso. Para que el asesoramiento sea tan cercano como el trato que nos caracteriza.<\/p>\n<div class=%22et_pb_button_module_wrapper et_pb_module%22 style=%22margin-top: 30px;%22><button class=%22et_pb_button et_pb_bg_layout_light%22 onclick=%22window.chatbase.open()%22>Inicia el Chat<\/button><\/div>\n<p>\u00bb autoplay=\u00bboff\u00bb speed=\u00bb0.5&#8243; box_alignment=\u00bbleft\u00bb lottie_width=\u00bb50px\u00bb lottie_margin=\u00bb||15px||false|false\u00bb _builder_version=\u00bb4.27.4&#8243; _module_preset=\u00bb_initial\u00bb lottie_desc_font_size=\u00bb16px\u00bb lottie_desc_line_height=\u00bb1.5em\u00bb global_colors_info=\u00bb{}\u00bb][\/dipi_lottie_icon][\/et_pb_column][\/et_pb_row][\/et_pb_section][et_pb_section fb_built=\u00bb1&#8243; custom_padding_last_edited=\u00bbon|phone\u00bb _builder_version=\u00bb4.27.4&#8243; _module_preset=\u00bbdefault\u00bb custom_padding_tablet=\u00bb\u00bb custom_padding_phone=\u00bb0px||0px||false|false\u00bb locked=\u00bboff\u00bb global_colors_info=\u00bb{}\u00bb][et_pb_row _builder_version=\u00bb4.27.4&#8243; _module_preset=\u00bbdefault\u00bb global_colors_info=\u00bb{}\u00bb][et_pb_column type=\u00bb4_4&#8243; _builder_version=\u00bb4.27.4&#8243; _module_preset=\u00bbdefault\u00bb global_colors_info=\u00bb{}\u00bb][et_pb_text module_class=\u00bbheading-h2-dreta\u00bb _builder_version=\u00bb4.27.4&#8243; _module_preset=\u00bbdefault\u00bb max_width=\u00bb700px\u00bb module_alignment=\u00bbleft\u00bb custom_margin_tablet=\u00bb\u00bb custom_margin_phone=\u00bb||0px||false|false\u00bb custom_margin_last_edited=\u00bbon|phone\u00bb global_colors_info=\u00bb{}\u00bb]<\/p>\n<h2>Gesti\u00f3n patrimonial<\/h2>\n<h3>Cuidamos su patrimonio, planificamos su futuro<\/h3>\n<p>En Gestions Sarri\u00e0 ofrecemos un servicio especializado en gesti\u00f3n patrimonial para particulares, empresas e incluyendo familias empresarias que quieren proteger, optimizar y planificar su patrimonio con seguridad y tranquilidad. Le acompa\u00f1amos en la toma de decisiones estrat\u00e9gicas, la organizaci\u00f3n del patrimonio y la planificaci\u00f3n sucesoria, siempre con criterios fiscales y jur\u00eddicos actualizados.<\/p>\n<p>[\/et_pb_text][\/et_pb_column][\/et_pb_row][et_pb_row _builder_version=\u00bb4.27.4&#8243; _module_preset=\u00bbdefault\u00bb global_colors_info=\u00bb{}\u00bb][et_pb_column type=\u00bb4_4&#8243; _builder_version=\u00bb4.27.4&#8243; _module_preset=\u00bbdefault\u00bb global_colors_info=\u00bb{}\u00bb][et_pb_text _builder_version=\u00bb4.27.4&#8243; _module_preset=\u00bbdefault\u00bb global_colors_info=\u00bb{}\u00bb]<\/p>\n<h4>\u00c1mbitos de actuaci\u00f3n<\/h4>\n<p>[\/et_pb_text][\/et_pb_column][\/et_pb_row][et_pb_row column_structure=\u00bb1_4,1_4,1_4,1_4&#8243; use_custom_gutter=\u00bbon\u00bb gutter_width=\u00bb2&#8243; module_class=\u00bbgestio-patrimonial-blurbs-home igualar-columnes\u00bb _builder_version=\u00bb4.27.4&#8243; _module_preset=\u00bbdefault\u00bb custom_padding=\u00bb0px||0px||false|false\u00bb global_colors_info=\u00bb{}\u00bb][et_pb_column type=\u00bb1_4&#8243; _builder_version=\u00bb4.27.4&#8243; _module_preset=\u00bbdefault\u00bb global_colors_info=\u00bb{}\u00bb][et_pb_blurb title=\u00bbPlanificaci\u00f3n de herencias y sucesiones\u00bb image=\u00bbhttps:\/\/gestionssarria.com\/wp-content\/uploads\/2025\/09\/planificacio-herencies-i-successions-gestions-sarria.jpg\u00bb _builder_version=\u00bb4.27.5&#8243; _module_preset=\u00bb963d454b-5789-4ca4-9925-27149e4f28c7&#8243; background_color=\u00bbgcid-fb736d0c-83c7-4cec-b0f3-75a32748a8f7&#8243; global_colors_info=\u00bb{%22gcid-fb736d0c-83c7-4cec-b0f3-75a32748a8f7%22:%91%22background_color%22%93}\u00bb]<\/p>\n<p>Anticipamos los escenarios futuros para garantizar una transmisi\u00f3n ordenada y eficiente del patrimonio.<\/p>\n<p>[\/et_pb_blurb][\/et_pb_column][et_pb_column type=\u00bb1_4&#8243; _builder_version=\u00bb4.27.4&#8243; _module_preset=\u00bbdefault\u00bb global_colors_info=\u00bb{}\u00bb][et_pb_blurb title=\u00bbOptimizaci\u00f3n fiscal del patrimonio\u00bb image=\u00bbhttps:\/\/gestionssarria.com\/wp-content\/uploads\/2025\/09\/optimitzacio-fiscal-del-patrimoni-gestions-sarria.jpg\u00bb _builder_version=\u00bb4.27.5&#8243; _module_preset=\u00bb963d454b-5789-4ca4-9925-27149e4f28c7&#8243; background_color=\u00bbgcid-fb736d0c-83c7-4cec-b0f3-75a32748a8f7&#8243; locked=\u00bboff\u00bb global_colors_info=\u00bb{%22gcid-fb736d0c-83c7-4cec-b0f3-75a32748a8f7%22:%91%22background_color%22%93}\u00bb]<\/p>\n<p>Analizamos la fiscalidad de los activos para maximizar su rentabilidad neta.<\/p>\n<p>[\/et_pb_blurb][\/et_pb_column][et_pb_column type=\u00bb1_4&#8243; _builder_version=\u00bb4.27.4&#8243; _module_preset=\u00bbdefault\u00bb global_colors_info=\u00bb{}\u00bb][et_pb_blurb title=\u00bbGesti\u00f3n de patrimonios familiares\u00bb image=\u00bbhttps:\/\/gestionssarria.com\/wp-content\/uploads\/2025\/09\/gestio-patrimonis-familiars-gestions-sarria.jpg\u00bb _builder_version=\u00bb4.27.5&#8243; _module_preset=\u00bb963d454b-5789-4ca4-9925-27149e4f28c7&#8243; background_color=\u00bbgcid-fb736d0c-83c7-4cec-b0f3-75a32748a8f7&#8243; locked=\u00bboff\u00bb global_colors_info=\u00bb{%22gcid-fb736d0c-83c7-4cec-b0f3-75a32748a8f7%22:%91%22background_color%22%93}\u00bb]<\/p>\n<p>Acompa\u00f1amos a familias empresarias en la toma de decisiones financieras, societarias y de gobierno corporativo.<\/p>\n<p>[\/et_pb_blurb][\/et_pb_column][et_pb_column type=\u00bb1_4&#8243; _builder_version=\u00bb4.27.4&#8243; _module_preset=\u00bbdefault\u00bb global_colors_info=\u00bb{}\u00bb][et_pb_blurb title=\u00bbProtecci\u00f3n de activos y estructuras jur\u00eddicas\u00bb image=\u00bbhttps:\/\/gestionssarria.com\/wp-content\/uploads\/2025\/09\/proteccio-actius-estructures-juridiques-gestions-sarria.jpg\u00bb _builder_version=\u00bb4.27.5&#8243; _module_preset=\u00bb963d454b-5789-4ca4-9925-27149e4f28c7&#8243; background_color=\u00bbgcid-fb736d0c-83c7-4cec-b0f3-75a32748a8f7&#8243; locked=\u00bboff\u00bb global_colors_info=\u00bb{%22gcid-fb736d0c-83c7-4cec-b0f3-75a32748a8f7%22:%91%22background_color%22%93}\u00bb]<\/p>\n<p>Dise\u00f1amos la estructura legal m\u00e1s adecuada para proteger y consolidar su patrimonio.<\/p>\n<p>[\/et_pb_blurb][\/et_pb_column][\/et_pb_row][et_pb_row _builder_version=\u00bb4.27.4&#8243; _module_preset=\u00bbdefault\u00bb global_colors_info=\u00bb{}\u00bb][et_pb_column type=\u00bb4_4&#8243; _builder_version=\u00bb4.27.4&#8243; _module_preset=\u00bbdefault\u00bb global_colors_info=\u00bb{}\u00bb][et_pb_button button_url=\u00bb@ET-DC@eyJkeW5hbWljIjp0cnVlLCJjb250ZW50IjoicG9zdF9saW5rX3VybF9wYWdlIiwic2V0dGluZ3MiOnsicG9zdF9pZCI6IjYzIiwiZW5hYmxlX2h0bWwiOiJvZmYifX0=@\u00bb button_text=\u00bbM\u00e1s informaci\u00f3n\u00bb button_alignment=\u00bbright\u00bb _builder_version=\u00bb4.27.4&#8243; _dynamic_attributes=\u00bbbutton_url\u00bb _module_preset=\u00bbdefault\u00bb button_icon=\u00bb&#x24;||divi||400&#8243; global_colors_info=\u00bb{}\u00bb][\/et_pb_button][\/et_pb_column][\/et_pb_row][\/et_pb_section][et_pb_section fb_built=\u00bb1&#8243; custom_padding_last_edited=\u00bbon|phone\u00bb _builder_version=\u00bb4.27.4&#8243; _module_preset=\u00bb1eb3d99e-ee9b-49a1-94c8-e2f9d41057f2&#8243; custom_padding_tablet=\u00bb\u00bb custom_padding_phone=\u00bb0px||0px||false|false\u00bb locked=\u00bboff\u00bb global_colors_info=\u00bb{%22gcid-fb736d0c-83c7-4cec-b0f3-75a32748a8f7%22:%91%22background_color%22%93}\u00bb][et_pb_row _builder_version=\u00bb4.27.4&#8243; _module_preset=\u00bbdefault\u00bb global_colors_info=\u00bb{}\u00bb][et_pb_column type=\u00bb4_4&#8243; _builder_version=\u00bb4.27.4&#8243; _module_preset=\u00bbdefault\u00bb global_colors_info=\u00bb{}\u00bb][et_pb_text module_class=\u00bbheading-h2&#8243; _builder_version=\u00bb4.27.4&#8243; _module_preset=\u00bbdefault\u00bb max_width=\u00bb700px\u00bb custom_margin_tablet=\u00bb\u00bb custom_margin_phone=\u00bb||0px||false|false\u00bb custom_margin_last_edited=\u00bbon|phone\u00bb custom_padding_tablet=\u00bb\u00bb custom_padding_phone=\u00bb\u00bb custom_padding_last_edited=\u00bbon|phone\u00bb global_colors_info=\u00bb{}\u00bb]<\/p>\n<h2>\u00c1rea consultor\u00eda<\/h2>\n<h3>Asesoramiento estrat\u00e9gico para su negocio<\/h3>\n<p>Adem\u00e1s de los servicios habituales de gesti\u00f3n, en Gestions Sarri\u00e0 ponemos a su disposici\u00f3n un \u00e1rea de consultor\u00eda para ayudarle a tomar decisiones estrat\u00e9gicas con criterios profesionales y una visi\u00f3n global del negocio.<\/p>\n<p>[\/et_pb_text][\/et_pb_column][\/et_pb_row][et_pb_row _builder_version=\u00bb4.27.4&#8243; _module_preset=\u00bbdefault\u00bb global_colors_info=\u00bb{}\u00bb][et_pb_column type=\u00bb4_4&#8243; _builder_version=\u00bb4.27.4&#8243; _module_preset=\u00bbdefault\u00bb global_colors_info=\u00bb{}\u00bb][et_pb_text _builder_version=\u00bb4.27.4&#8243; _module_preset=\u00bbdefault\u00bb global_colors_info=\u00bb{}\u00bb]<\/p>\n<h4>Soluciones Profesionales<\/h4>\n<p>[\/et_pb_text][\/et_pb_column][\/et_pb_row][et_pb_row column_structure=\u00bb1_4,1_4,1_4,1_4&#8243; use_custom_gutter=\u00bbon\u00bb gutter_width=\u00bb2&#8243; make_equal=\u00bbon\u00bb _builder_version=\u00bb4.27.4&#8243; _module_preset=\u00bbdefault\u00bb custom_padding=\u00bb0px|0px|0px|0px|false|false\u00bb global_colors_info=\u00bb{}\u00bb][et_pb_column type=\u00bb1_4&#8243; _builder_version=\u00bb4.27.4&#8243; _module_preset=\u00bbdefault\u00bb global_colors_info=\u00bb{}\u00bb][et_pb_blurb title=\u00bbPlanificaci\u00f3n empresarial\u00bb image_icon_background_color=\u00bbRGBA(255,255,255,0)\u00bb image_icon_width=\u00bb50px\u00bb module_class=\u00bbarea-consultoria-blurbs-home\u00bb _builder_version=\u00bb4.27.4&#8243; _module_preset=\u00bbdefault\u00bb header_level=\u00bbh5&#8243; header_text_align=\u00bbcenter\u00bb body_text_align=\u00bbcenter\u00bb background_color=\u00bb#f6f2ec\u00bb custom_padding=\u00bb20px|20px|20px|20px|false|false\u00bb border_radii=\u00bbon|10px|10px|10px|10px\u00bb global_colors_info=\u00bb{}\u00bb]<\/p>\n<p>Le acompa\u00f1amos en el dise\u00f1o y revisi\u00f3n de su proyecto empresarial, analizando las opciones legales, fiscales y operativas que mejor se adaptan a su actividad.<\/p>\n<p>[\/et_pb_blurb][\/et_pb_column][et_pb_column type=\u00bb1_4&#8243; _builder_version=\u00bb4.27.4&#8243; _module_preset=\u00bbdefault\u00bb global_colors_info=\u00bb{}\u00bb][et_pb_blurb title=\u00bbConstituci\u00f3n y reorganizaci\u00f3n de sociedades\u00bb image_icon_background_color=\u00bbRGBA(255,255,255,0)\u00bb image_icon_width=\u00bb50px\u00bb module_class=\u00bbarea-consultoria-blurbs-home\u00bb _builder_version=\u00bb4.27.4&#8243; _module_preset=\u00bbdefault\u00bb header_level=\u00bbh5&#8243; header_text_align=\u00bbcenter\u00bb body_text_align=\u00bbcenter\u00bb background_color=\u00bb#f6f2ec\u00bb custom_padding=\u00bb20px|20px|20px|20px|false|false\u00bb border_radii=\u00bbon|10px|10px|10px|10px\u00bb locked=\u00bboff\u00bb global_colors_info=\u00bb{}\u00bb]<\/p>\n<p>Le ofrecemos asesoramiento integral desde la creaci\u00f3n de la empresa hasta procesos de reorganizaci\u00f3n, cambios societarios o amplificaciones de actividad.<\/p>\n<p>[\/et_pb_blurb][\/et_pb_column][et_pb_column type=\u00bb1_4&#8243; _builder_version=\u00bb4.27.4&#8243; _module_preset=\u00bbdefault\u00bb global_colors_info=\u00bb{}\u00bb][et_pb_blurb title=\u00bbAsesoramiento a emprendedores y startups\u00bb image_icon_background_color=\u00bbRGBA(255,255,255,0)\u00bb image_icon_width=\u00bb50px\u00bb module_class=\u00bbarea-consultoria-blurbs-home\u00bb _builder_version=\u00bb4.27.4&#8243; _module_preset=\u00bbdefault\u00bb header_level=\u00bbh5&#8243; header_text_align=\u00bbcenter\u00bb body_text_align=\u00bbcenter\u00bb background_color=\u00bb#f6f2ec\u00bb custom_padding=\u00bb20px|20px|20px|20px|false|false\u00bb border_radii=\u00bbon|10px|10px|10px|10px\u00bb locked=\u00bboff\u00bb global_colors_info=\u00bb{}\u00bb]<\/p>\n<p>Guiamos los nuevos proyectos desde el inicio, facilitando los tr\u00e1mites, la planificaci\u00f3n financiera y la gesti\u00f3n administrativa para comenzar con seguridad y garant\u00edas.<\/p>\n<p>[\/et_pb_blurb][\/et_pb_column][et_pb_column type=\u00bb1_4&#8243; _builder_version=\u00bb4.27.4&#8243; _module_preset=\u00bbdefault\u00bb global_colors_info=\u00bb{}\u00bb][et_pb_blurb title=\u00bbAn\u00e1lisis econ\u00f3mico-financiero 360\u00ba\u00bb image_icon_background_color=\u00bbRGBA(255,255,255,0)\u00bb image_icon_width=\u00bb50px\u00bb module_class=\u00bbarea-consultoria-blurbs-home\u00bb _builder_version=\u00bb4.27.4&#8243; _module_preset=\u00bbdefault\u00bb header_level=\u00bbh5&#8243; header_text_align=\u00bbcenter\u00bb body_text_align=\u00bbcenter\u00bb background_color=\u00bb#f6f2ec\u00bb custom_padding=\u00bb20px|20px|20px|20px|false|false\u00bb border_radii=\u00bbon|10px|10px|10px|10px\u00bb locked=\u00bboff\u00bb global_colors_info=\u00bb{}\u00bb]<\/p>\n<p>Elaboramos informes y propuestas para optimizar la gesti\u00f3n econ\u00f3mica de la empresa, mejorar la rentabilidad y facilitar la toma de decisiones.<\/p>\n<p>[\/et_pb_blurb][\/et_pb_column][\/et_pb_row][et_pb_row _builder_version=\u00bb4.27.4&#8243; _module_preset=\u00bbdefault\u00bb global_colors_info=\u00bb{}\u00bb][et_pb_column type=\u00bb4_4&#8243; _builder_version=\u00bb4.27.4&#8243; _module_preset=\u00bbdefault\u00bb global_colors_info=\u00bb{}\u00bb][et_pb_button button_url=\u00bb@ET-DC@eyJkeW5hbWljIjp0cnVlLCJjb250ZW50IjoicG9zdF9saW5rX3VybF9wYWdlIiwic2V0dGluZ3MiOnsicG9zdF9pZCI6IjY1IiwiZW5hYmxlX2h0bWwiOiJvZmYifX0=@\u00bb button_text=\u00bbM\u00e1s informaci\u00f3n\u00bb button_alignment=\u00bbright\u00bb _builder_version=\u00bb4.27.4&#8243; _dynamic_attributes=\u00bbbutton_url\u00bb _module_preset=\u00bbdefault\u00bb button_icon=\u00bb&#x24;||divi||400&#8243; global_colors_info=\u00bb{}\u00bb][\/et_pb_button][\/et_pb_column][\/et_pb_row][\/et_pb_section]<\/p>\n","protected":false},"excerpt":{"rendered":"<p>Gestions Sarri\u00e0 Especializados en la gesti\u00f3n eficiente de negocios y patrimonio En Gestions Sarri\u00e0 ofrecemos asesoramiento legal y de gesti\u00f3n para empresas y profesionales, con una visi\u00f3n integral y orientada a la eficiencia. Nuestro objetivo es aportar seguridad jur\u00eddica y claridad en la toma de decisiones, acompa\u00f1ando a los clientes con proximidad, rigor profesional y [&hellip;]<\/p>\n","protected":false},"author":1,"featured_media":0,"parent":0,"menu_order":0,"comment_status":"closed","ping_status":"closed","template":"","meta":{"_et_pb_use_builder":"on","_et_pb_old_content":"","_et_gb_content_width":"","content-type":"","footnotes":""},"class_list":["post-511","page","type-page","status-publish","hentry"],"_links":{"self":[{"href":"https:\/\/gestionssarria.com\/es\/wp-json\/wp\/v2\/pages\/511","targetHints":{"allow":["GET"]}}],"collection":[{"href":"https:\/\/gestionssarria.com\/es\/wp-json\/wp\/v2\/pages"}],"about":[{"href":"https:\/\/gestionssarria.com\/es\/wp-json\/wp\/v2\/types\/page"}],"author":[{"embeddable":true,"href":"https:\/\/gestionssarria.com\/es\/wp-json\/wp\/v2\/users\/1"}],"replies":[{"embeddable":true,"href":"https:\/\/gestionssarria.com\/es\/wp-json\/wp\/v2\/comments?post=511"}],"version-history":[{"count":31,"href":"https:\/\/gestionssarria.com\/es\/wp-json\/wp\/v2\/pages\/511\/revisions"}],"predecessor-version":[{"id":2060,"href":"https:\/\/gestionssarria.com\/es\/wp-json\/wp\/v2\/pages\/511\/revisions\/2060"}],"wp:attachment":[{"href":"https:\/\/gestionssarria.com\/es\/wp-json\/wp\/v2\/media?parent=511"}],"curies":[{"name":"wp","href":"https:\/\/api.w.org\/{rel}","templated":true}]}}